{"id":30,"date":"2018-06-24T19:28:19","date_gmt":"2018-06-24T19:28:19","guid":{"rendered":"https:\/\/gwfs.de\/?page_id=30"},"modified":"2024-03-03T20:10:03","modified_gmt":"2024-03-03T20:10:03","slug":"impressum","status":"publish","type":"page","link":"https:\/\/gwfs.de\/?page_id=30","title":{"rendered":"Impressum"},"content":{"rendered":"<p><span style=\"font-size: 24pt;\"><strong>Impressum<\/strong><\/span><\/p>\n<p><span style=\"font-size: 18pt;\"><strong>Anschrift<\/strong><\/span><\/p>\n<p>Gold Wing Freunde Region Stuttgart<br \/>\nTorweinberg 18<br \/>\n74343 Sachsenheim<br \/>\n<span id=\"cloak13709\"><a href=\"mailto:Schriftfuehrer@gwfs.de\">Schriftfuehrer@gwfs.de<\/a><\/span><\/p>\n<p><span style=\"font-size: 18pt;\"><strong>Gemeinschaftlich vertretungsberechtigter Vorstand<\/strong><\/span><\/p>\n<p><strong>1.\u00a0 Vorsitzender:<\/strong><br \/>\nBirgit Schmierer<br \/>\n<span id=\"cloak65792\"><a href=\"mailto:Praesident@gwfs.de\">Praesident@gwfs.de<\/a><\/span><br \/>\n<span id=\"cloak65792\"><a href=\"mailto:Praesident@gwfs.de\">1.Vorstand@gwfs.de<\/a><\/span><\/p>\n<p><strong>2. Vorsitzender:<\/strong><br \/>\nJoachim Ohr<br \/>\n<span id=\"cloak41304\"><a href=\"mailto:2.Vorstand@gwfs.de\">2.Vorstand@gwfs.de<\/a><\/span><\/p>\n<p><strong>Schriftf\u00fchrer:<\/strong><br \/>\nEdgar P\u00fctzer<br \/>\n<span id=\"cloak51601\"><a href=\"mailto:Schriftfuehrer@gwfs.de\">Schriftfuehrer@gwfs.de<\/a><\/span><\/p>\n<p><strong>Kassierer:<\/strong><br \/>\nThomas Sch\u00f6nberg<br \/>\n<span id=\"cloak38454\"><a href=\"mailto:Kassier@gwfs.de\">Kassier@gwfs.de<\/a><\/span><\/p>\n<p>Verantwortlicher: i.S.d. \u00a7 55 Abs. 2 RStV ist der Schriftf\u00fchrer<\/p>\n<p><span style=\"font-size: 18pt;\"><strong>Das Impressum gilt f\u00fcr<br \/>\n<\/strong><\/span><span style=\"font-size: 12pt;\"><a href=\"http:\/\/www.gwfs.de\/\">www.gwfs.de<\/a><\/span><\/p>\n<p><span style=\"font-size: 18pt;\"><strong>Haftungshinweis<\/strong><\/span><\/p>\n<p>Trotz sorgf\u00e4ltiger inhaltlicher Kontrolle \u00fcbernehmen wir keine Haftung f\u00fcr die Inhalte externer Links. F\u00fcr den Inhalt der verlinkten Seiten sind ausschlie\u00dflich deren Betreiber verantwortlich.<\/p>\n<p><span style=\"font-size: 18pt;\"><strong>Copyright<\/strong><\/span><\/p>\n<p>Die auf dieser Website ver\u00f6ffentlichten Inhalte unterliegen dem deutschen Urheber- und Leistungsschutzrecht. Jede vom deutschen Urheber- und Leistungsschutzrecht nicht zugelassene Verwertung bedarf der vorherigen schriftlichen Zustimmung der <em>GoldWing Freunde Region Stuttgart<\/em> oder jeweiligen Rechteinhabers. Dies gilt insbesondere f\u00fcr Vervielf\u00e4ltigung, Bearbeitung, \u00dcbersetzung, Einspeicherung, Verarbeitung bzw. Wiedergabe von Inhalten in Datenbanken oder anderen elektronischen Medien und Systemen.<\/p>\n<p><span style=\"font-size: 18pt;\"><strong>Die Rechte auf das pers\u00f6nliche Bild<\/strong><\/span><\/p>\n<p>Sollte versehentlich ein Bild das Recht auf das pers\u00f6nliche Bild verletzen, wird dieses vom Webmaster auf Anfrage sofort entfernt.<\/p>\n","protected":false},"excerpt":{"rendered":"<p>Impressum Anschrift Gold Wing Freunde Region Stuttgart Torweinberg 18 74343 Sachsenheim Schriftfuehrer@gwfs.de Gemeinschaftlich vertretungsberechtigter Vorstand 1.\u00a0 Vorsitzender: Birgit Schmierer Praesident@gwfs.de 1.Vorstand@gwfs.de 2. Vorsitzender: Joachim Ohr 2.Vorstand@gwfs.de Schriftf\u00fchrer: Edgar P\u00fctzer Schriftfuehrer@gwfs.de&hellip;<\/p>\n","protected":false},"author":1,"featured_media":0,"parent":0,"menu_order":0,"comment_status":"closed","ping_status":"closed","template":"template-leftsb.php","meta":{"footnotes":""},"_links":{"self":[{"href":"https:\/\/gwfs.de\/index.php?rest_route=\/wp\/v2\/pages\/30"}],"collection":[{"href":"https:\/\/gwfs.de\/index.php?rest_route=\/wp\/v2\/pages"}],"about":[{"href":"https:\/\/gwfs.de\/index.php?rest_route=\/wp\/v2\/types\/page"}],"author":[{"embeddable":true,"href":"https:\/\/gwfs.de\/index.php?rest_route=\/wp\/v2\/users\/1"}],"replies":[{"embeddable":true,"href":"https:\/\/gwfs.de\/index.php?rest_route=%2Fwp%2Fv2%2Fcomments&post=30"}],"version-history":[{"count":10,"href":"https:\/\/gwfs.de\/index.php?rest_route=\/wp\/v2\/pages\/30\/revisions"}],"predecessor-version":[{"id":122,"href":"https:\/\/gwfs.de\/index.php?rest_route=\/wp\/v2\/pages\/30\/revisions\/122"}],"wp:attachment":[{"href":"https:\/\/gwfs.de\/index.php?rest_route=%2Fwp%2Fv2%2Fmedia&parent=30"}],"curies":[{"name":"wp","href":"https:\/\/api.w.org\/{rel}","templated":true}]}}